{"id":1322,"date":"2019-05-07T19:57:23","date_gmt":"2019-05-07T17:57:23","guid":{"rendered":"http:\/\/tc-kleinschlageichberg.at\/?page_id=1322"},"modified":"2019-05-07T20:16:02","modified_gmt":"2019-05-07T18:16:02","slug":"datenschutz","status":"publish","type":"page","link":"https:\/\/tc-kleinschlageichberg.at\/?page_id=1322","title":{"rendered":"Datenschutz"},"content":{"rendered":"\n<p>Das Formular f\u00fcr bestehende und neue Mitglieder kann hier heruntergeladen werden: <a download=\"\" href=\"http:\/\/tc-kleinschlageichberg.at\/tcwp\/wp-content\/uploads\/2019\/05\/mitgliedsdaten.pdf\"><strong>Download<\/strong><\/a><\/p>\n\n\n\n\n\n<h2 class=\"wp-block-heading\"><strong>Informationen \u00fcber die Verwendung personenbezogener Daten des TC Kleinschlag &#8211; Eichberg<\/strong><\/h2>\n\n\n\n<p>Mit meiner Unterschrift nehme ich zur Kenntnis, dass meine\npersonenbezogenen Daten (Vorname, Nachname, fallweise Vor- und Nachname des\/der\nErziehungsberechtigen, Geburtsdatum, Geschlecht, Adresse, PLZ, Ort, Telefonnummer,\nE-Mail-Adresse) auf vertraglicher Grundlage (Mitgliedschaft) innerhalb des\nVereins elektronisch und manuell verarbeitet werden.<\/p>\n\n\n\n<p>Die Zwecke der Verarbeitung sind: sportliche,\norganisatorische und fachliche Administration und finanzielle Abwicklung,\nMitgliederverwaltung, Zusendung von Vereins- und Verbandsinformationen,\nInformationen zu Veranstaltungen.<\/p>\n\n\n\n<p>Der Verein TC Kleinschlag-Eichberg, Kleinschlag 22, 8250\nRohrbach a.d.L ist Verantwortlicher f\u00fcr die hier dargelegten\nVerarbeitungst\u00e4tigkeiten. Die Bereitstellung meiner Daten ist zur Erf\u00fcllung des\nVereinszwecks gem\u00e4\u00df Statuten erforderlich, bei Nichtbereitstellung ist eine\nMitgliedschaft nicht m\u00f6glich.<\/p>\n\n\n\n<p>Personenbezogene Daten finden vom Verein nur f\u00fcr die\ndargelegten Zwecke Verwendung. Bei Vereinsaustritt werden alle Daten \u2013 sofern\nkein R\u00fcckstand an Zahlungen seitens des Mitglieds besteht, die Daten auch nicht\nzur Geltendmachung, Aus\u00fcbung oder Verteidigung von Rechtsanspr\u00fcchen des Vereins\nben\u00f6tigt werden und keine l\u00e4ngere Aufbewahrung der Daten gesetzlich angeordnet\nist, sp\u00e4testens binnen eines Jahres ab Austritt gel\u00f6scht.<\/p>\n\n\n\n<p>Meine Rechte im Zusammenhang mit datenschutzrechtlichen Vorschriften erstrecken sich auf das Recht auf Auskunft, Berichtigung, L\u00f6schung, Einschr\u00e4nkung, Daten\u00fcbertragbarkeit und Widerspruch in die Verarbeitung.<\/p>\n\n\n\n<h2 class=\"wp-block-heading\"><strong>Einwilligungserkl\u00e4rungen<\/strong><\/h2>\n\n\n\n<p><strong>1 Information zu Datenweitergabe an\nDachverb\u00e4nde (z.B.: Wechsellandcup):<\/strong><\/p>\n\n\n\n<p>Ich nehme zur Kenntnis, dass im Falle der Teilnahme an\nWettk\u00e4mpfen eine \u00dcbermittlung personenbezogener Daten an Fach- bzw. Dachverb\u00e4nde\nzur Abwicklung dieser Wettk\u00e4mpfe gegebenenfalls erforderlich sein kann.<\/p>\n\n\n\n<p>Dar\u00fcber hinaus erkl\u00e4re ich mich damit einverstanden, dass\ndie mit diesem Formular erhobenen Daten zu den in der Datenschutzerkl\u00e4rung (in\nden Informationen \u00fcber die Verwendung personenbezogener Daten) angef\u00fchrten\nZwecken auch an Sportfachverb\u00e4nde (z.B.: Wechsellandcup) weitergegeben werden\nd\u00fcrfen.<\/p>\n\n\n\n<p>Ein Widerruf ist jederzeit per E-Mail oder per Brief an die\nVereinsf\u00fchrung m\u00f6glich. Ich nehme zur Kenntnis, dass der Widerruf der Zustimmung\nder Datenweitergabe den Ausschluss von diversen Veranstaltungen, Wettk\u00e4mpfen\nbedeuten kann.<\/p>\n\n\n\n<p><strong>2 Einverst\u00e4ndniserkl\u00e4rung News (SMS\noder E-Mail):<\/strong><\/p>\n\n\n\n<p>Unser Verein informiert Sie \u00fcber das Vereinsgeschehen und\ndas Sportprogramm, Kurse, Sportfeste, Turniere. Ein Versand der News erfolgt\nauf elektronischem Wege (SMS, E-Mail) an die bekanntgegebene Telefonnummer oder\nE-Mail Adresse. H\u00e4ufigkeit (max. 1-2 Mal pro Monat)<\/p>\n\n\n\n<p>Ich m\u00f6chte mit aktuellen Informationen \u00fcber den Verein per\nSMS versorgt werden und stimme der Verwendung meines Vor- und Nachnamens,\nmeines Geschlechts und meiner Telefonnummer (Handynummer) zu den angef\u00fchrten Zwecken\nzu:<\/p>\n\n\n\n<p><strong>3 Nutzung Bild-\/Foto-\/Videoaufnahmen:<\/strong><\/p>\n\n\n\n<p>Hiermit erkl\u00e4re ich mich damit einverstanden, dass w\u00e4hrend\nder Sport- bzw. Wettkampfaus\u00fcbung Foto- bzw. Videoaufnahmen von mir zum Zweck\nder \u00d6ffentlichkeitsarbeit des Vereins angefertigt, zu diesem Zweck eingesetzt\nund auf der Homepage (jederzeit weltweit abrufbar) ver\u00f6ffentlicht werden.<\/p>\n\n\n\n<p>Aus dieser Zustimmung leite ich keine Rechte (z.B. Entgelt) ab. Diese Einverst\u00e4ndniserkl\u00e4rung ist jederzeit mit Wirkung f\u00fcr die Zukunft per Email, per Brief an die Vereinsleitung, widerrufbar. Im Falle des Widerrufs werden die Aufnahmen von der jeweiligen Plattform entfernt. Waren die Aufnahmen im Internet verf\u00fcgbar, erfolgt die Entfernung, soweit sie den Verf\u00fcgungsm\u00f6glichkeiten des Vereins unterliegen. Ausgenommen sind hier Gruppenfotos, die dem Verein weiterhin f\u00fcr die Homepage zur Verf\u00fcgung stehen. (z.B.: Pr\u00e4sentation Tennisdressen, Mannschaftsfotos)<\/p>\n","protected":false},"excerpt":{"rendered":"<p>Das Formular f\u00fcr bestehende und neue Mitglieder kann hier heruntergeladen werden: Download Informationen \u00fcber die Verwendung personenbezogener Daten des TC Kleinschlag &#8211; Eichberg Mit meiner Unterschrift nehme ich zur Kenntnis, dass meine personenbezogenen Daten (Vorname, Nachname, fallweise Vor- und Nachname des\/der Erziehungsberechtigen, Geburtsdatum, Geschlecht, Adresse, PLZ, Ort, Telefonnummer, E-Mail-Adresse) auf vertraglicher Grundlage (Mitgliedschaft) innerhalb des [&hellip;]<\/p>\n","protected":false},"author":2,"featured_media":0,"parent":0,"menu_order":0,"comment_status":"closed","ping_status":"closed","template":"","meta":{"footnotes":""},"class_list":["post-1322","page","type-page","status-publish","hentry"],"_links":{"self":[{"href":"https:\/\/tc-kleinschlageichberg.at\/index.php?rest_route=\/wp\/v2\/pages\/1322","targetHints":{"allow":["GET"]}}],"collection":[{"href":"https:\/\/tc-kleinschlageichberg.at\/index.php?rest_route=\/wp\/v2\/pages"}],"about":[{"href":"https:\/\/tc-kleinschlageichberg.at\/index.php?rest_route=\/wp\/v2\/types\/page"}],"author":[{"embeddable":true,"href":"https:\/\/tc-kleinschlageichberg.at\/index.php?rest_route=\/wp\/v2\/users\/2"}],"replies":[{"embeddable":true,"href":"https:\/\/tc-kleinschlageichberg.at\/index.php?rest_route=%2Fwp%2Fv2%2Fcomments&post=1322"}],"version-history":[{"count":11,"href":"https:\/\/tc-kleinschlageichberg.at\/index.php?rest_route=\/wp\/v2\/pages\/1322\/revisions"}],"predecessor-version":[{"id":1336,"href":"https:\/\/tc-kleinschlageichberg.at\/index.php?rest_route=\/wp\/v2\/pages\/1322\/revisions\/1336"}],"wp:attachment":[{"href":"https:\/\/tc-kleinschlageichberg.at\/index.php?rest_route=%2Fwp%2Fv2%2Fmedia&parent=1322"}],"curies":[{"name":"wp","href":"https:\/\/api.w.org\/{rel}","templated":true}]}}