{"id":19,"date":"2013-06-16T14:43:35","date_gmt":"2013-06-16T14:43:35","guid":{"rendered":"http:\/\/tc-kleinschlageichberg.at\/tcwp\/?page_id=19"},"modified":"2015-06-29T22:04:26","modified_gmt":"2015-06-29T20:04:26","slug":"geschichte","status":"publish","type":"page","link":"https:\/\/tc-kleinschlageichberg.at\/?page_id=19","title":{"rendered":"Geschichte"},"content":{"rendered":"<p>Die Gr\u00fcndung des TC Kleinschlag-Eichberg geht in das Jahr 1990 zur\u00fcck. \u00dcber Betreiben von Wiedner Alois sowie Heinz Winkler bekundeten 27 Familien ihr Interesse an der Errichtung einer Tennisanlage. Durch das gro\u00dfz\u00fcgige Entgegenkommen der Gastwirtfamilie Gertrude und Josef H\u00f6ller konnte das Projekt auch realisiert werden.<\/p>\n<p>Familie H\u00f6ller stellte nicht nur das notwendige Areal kostenlos zur Verf\u00fcgung, sondern lie\u00df auch f\u00fcr ihre G\u00e4ste einen eigenen Platz errichten. So entstand in Kleinschlag eine 2-Platz Anlage nach modernstem Standard und wurde im Jahr 1991 bei einer Festveranstaltung feierlich ihrer Bestimmung \u00fcbergeben. Die Errichtungskosten von ca 900.000 Schilling wurden ohne \u00f6ffentliche Mittel je zur H\u00e4lfte von Familie H\u00f6ller und den 27 Mitgliedsfamilien aufgebraucht. In den folgenden Jahren wurden von Heinz Winkler laufend Kurse f\u00fcr Kinder, Neueinsteiger und auch f\u00fcr jene Mitglieder abgehalten, welche glaubten dieses Spiel bereits zu beherrschen.<\/p>\n<p>Im Jahr 2000 wurde von den Mitgliedern in Eigenregie eine Vereinsh\u00fctte errichtet, welche beim 10-j\u00e4hrigen Bestandsjubil\u00e4um in Betrieb genommen werden konnte. Die Materialkosten f\u00fcr die Vereinsh\u00fctte wurden dankenswerter Weise vom Gasthaus H\u00f6ller \u00fcbernommen.<\/p>\n<p>Seit dem Jahr 2005 nimmt eine Mannschaft des TC Kleinschlag-Eichberg erfolgreich am Wechselland-Cup teil. Dieses Turnier ist f\u00fcr Hobbyspieler gedacht, welche in keinem Meisterschaftsbetrieb t\u00e4tig sind. J\u00e4hrlich finden auf der Tennisanlage auch vereinsinterne Turniere statt, bei welchen in erster Linie der Spa\u00df am Spiel bzw. die Geselligkeit im Vordergrund stehen.<\/p>\n<p>Mit der Errichtung dieser Sportanlage wurde unter Beweis gestellt, dass mit Ehrgeiz, Flei\u00df und Zusammenhalt auch Projekte dieser Gr\u00f6\u00dfenordnung in einer kleinen Gemeinde realisierbar sind.<\/p>\n","protected":false},"excerpt":{"rendered":"<p>Die Gr\u00fcndung des TC Kleinschlag-Eichberg geht in das Jahr 1990 zur\u00fcck. \u00dcber Betreiben von Wiedner Alois sowie Heinz Winkler bekundeten 27 Familien ihr Interesse an der Errichtung einer Tennisanlage. Durch das gro\u00dfz\u00fcgige Entgegenkommen der Gastwirtfamilie Gertrude und Josef H\u00f6ller konnte das Projekt auch realisiert werden. Familie H\u00f6ller stellte nicht nur das notwendige Areal kostenlos zur [&hellip;]<\/p>\n","protected":false},"author":2,"featured_media":0,"parent":0,"menu_order":0,"comment_status":"closed","ping_status":"open","template":"","meta":{"footnotes":""},"class_list":["post-19","page","type-page","status-publish","hentry"],"_links":{"self":[{"href":"https:\/\/tc-kleinschlageichberg.at\/index.php?rest_route=\/wp\/v2\/pages\/19","targetHints":{"allow":["GET"]}}],"collection":[{"href":"https:\/\/tc-kleinschlageichberg.at\/index.php?rest_route=\/wp\/v2\/pages"}],"about":[{"href":"https:\/\/tc-kleinschlageichberg.at\/index.php?rest_route=\/wp\/v2\/types\/page"}],"author":[{"embeddable":true,"href":"https:\/\/tc-kleinschlageichberg.at\/index.php?rest_route=\/wp\/v2\/users\/2"}],"replies":[{"embeddable":true,"href":"https:\/\/tc-kleinschlageichberg.at\/index.php?rest_route=%2Fwp%2Fv2%2Fcomments&post=19"}],"version-history":[{"count":6,"href":"https:\/\/tc-kleinschlageichberg.at\/index.php?rest_route=\/wp\/v2\/pages\/19\/revisions"}],"predecessor-version":[{"id":913,"href":"https:\/\/tc-kleinschlageichberg.at\/index.php?rest_route=\/wp\/v2\/pages\/19\/revisions\/913"}],"wp:attachment":[{"href":"https:\/\/tc-kleinschlageichberg.at\/index.php?rest_route=%2Fwp%2Fv2%2Fmedia&parent=19"}],"curies":[{"name":"wp","href":"https:\/\/api.w.org\/{rel}","templated":true}]}}