{"id":196,"date":"2013-07-30T12:55:46","date_gmt":"2013-07-30T12:55:46","guid":{"rendered":"http:\/\/tc-kleinschlageichberg.at\/tcwp\/?page_id=196"},"modified":"2013-08-03T12:32:08","modified_gmt":"2013-08-03T12:32:08","slug":"rangliste","status":"publish","type":"page","link":"https:\/\/tc-kleinschlageichberg.at\/?page_id=196","title":{"rendered":"Einzel-Rangliste"},"content":{"rendered":"<div id=\"rankingtable\">\n<div class=\"rank\">\n<p class=\"ranknr\">1<\/p>\n<p class=\"rankname\">WIEDNER<\/p>\n<p class=\"rankname\">Wilfried<\/p>\n<\/div>\n<p style=\"margin: 0px 0px 0px 0px;\"><br clear=\"all\" style=\"display: none;\"\/><\/p>\n<div class=\"rank\">\n<p class=\"ranknr\">2<\/p>\n<p class=\"rankname\">WIEDNER<\/p>\n<p class=\"rankname\">Hans-Dieter<\/p>\n<\/div>\n<div class=\"rank\">\n<p class=\"ranknr\">3<\/p>\n<p class=\"rankname\">MAIERHOFER<\/p>\n<p class=\"rankname\">Thomas<\/p>\n<\/div>\n<p style=\"margin: 0px 0px 0px 0px;\"><br clear=\"all\" style=\"display: none;\"\/><\/p>\n<div class=\"rank\">\n<p class=\"ranknr\">4<\/p>\n<p class=\"rankname\">PAUSACKL<\/p>\n<p class=\"rankname\">Josef<\/p>\n<\/div>\n<div class=\"rank\">\n<p class=\"ranknr\">5<\/p>\n<p class=\"rankname\">SCH\u00dcTZENH\u00d6FER<\/p>\n<p class=\"rankname\">Stefan<\/p>\n<\/div>\n<div class=\"rank\">\n<p class=\"ranknr\">6<\/p>\n<p class=\"rankname\">PIEBER<\/p>\n<p class=\"rankname\">Daniel<\/p>\n<\/div>\n<p style=\"margin: 0px 0px 0px 0px;\"><br clear=\"all\" style=\"display: none;\"\/><\/p>\n<div class=\"rank\">\n<p class=\"ranknr\">7<\/p>\n<p class=\"rankname\">GLATZ<\/p>\n<p class=\"rankname\">Gerhard<\/p>\n<\/div>\n<div class=\"rank\">\n<p class=\"ranknr\">8<\/p>\n<p class=\"rankname\">FEICHTINGER<\/p>\n<p class=\"rankname\">Christian<\/p>\n<\/div>\n<div class=\"rank\">\n<p class=\"ranknr\">9<\/p>\n<p class=\"rankname\">WIEDNER<\/p>\n<p class=\"rankname\">Alois<\/p>\n<\/div>\n<div class=\"rank\">\n<p class=\"ranknr\">10<\/p>\n<p class=\"rankname\">GLEICHWEIT<\/p>\n<p class=\"rankname\">Rene<\/p>\n<\/div>\n<p style=\"margin: 0px 0px 0px 0px;\"><br clear=\"all\" style=\"display: none;\"\/><\/p>\n<div class=\"rank\">\n<p class=\"ranknr\">11<\/p>\n<p class=\"rankname\">PICHLH\u00d6FER<\/p>\n<p class=\"rankname\">Benjamin<\/p>\n<\/div>\n<div class=\"rank\">\n<p class=\"ranknr\">12<\/p>\n<p class=\"rankname\">SCH\u00dcTZENH\u00d6FER<\/p>\n<p class=\"rankname\">Franz<\/p>\n<\/div>\n<div class=\"rank\">\n<p class=\"ranknr\">13<\/p>\n<p class=\"rankname\">KUNERT<\/p>\n<p class=\"rankname\">Georg<\/p>\n<\/div>\n<div class=\"rank\">\n<p class=\"ranknr\">14<\/p>\n<p class=\"rankname\">HAIDBAUER<\/p>\n<p class=\"rankname\">Florian<\/p>\n<\/div>\n<div class=\"rank\">\n<p class=\"ranknr\">15<\/p>\n<p class=\"rankname\">HAIDBAUER<\/p>\n<p class=\"rankname\">Mathias<\/p>\n<\/div>\n<p style=\"margin: 0px 0px 0px 0px;\"><br clear=\"all\" style=\"display: none;\"\/><\/p>\n<div class=\"rank\">\n<p class=\"ranknr\">16<\/p>\n<p class=\"rankname\">HOLZER<\/p>\n<p class=\"rankname\">Michael<\/p>\n<\/div>\n<div class=\"rank\">\n<p class=\"ranknr\">17<\/p>\n<p class=\"rankname\">&nbsp;<\/p>\n<p class=\"rankname\">&nbsp;<\/p>\n<\/div>\n<div class=\"rank\">\n<p class=\"ranknr\">18<\/p>\n<p class=\"rankname\">&nbsp;<\/p>\n<p class=\"rankname\">&nbsp;<\/p>\n<\/div>\n<div class=\"rank\">\n<p class=\"ranknr\">19<\/p>\n<p class=\"rankname\">&nbsp;<\/p>\n<p class=\"rankname\">&nbsp;<\/p>\n<\/div>\n<div class=\"rank\">\n<p class=\"ranknr\">20<\/p>\n<p class=\"rankname\">&nbsp;<\/p>\n<p class=\"rankname\">&nbsp;<\/p>\n<\/div>\n<div class=\"rank\">\n<p class=\"ranknr\">21<\/p>\n<p class=\"rankname\">&nbsp;<\/p>\n<p class=\"rankname\">&nbsp;<\/p>\n<\/div>\n<\/div>\n","protected":false},"excerpt":{"rendered":"<p>1 WIEDNER Wilfried 2 WIEDNER Hans-Dieter 3 MAIERHOFER Thomas 4 PAUSACKL Josef 5 SCH\u00dcTZENH\u00d6FER Stefan 6 PIEBER Daniel 7 GLATZ Gerhard 8 FEICHTINGER Christian 9 WIEDNER Alois 10 GLEICHWEIT Rene 11 PICHLH\u00d6FER Benjamin 12 SCH\u00dcTZENH\u00d6FER Franz 13 KUNERT Georg 14 HAIDBAUER Florian 15 HAIDBAUER Mathias 16 HOLZER Michael 17 &nbsp; &nbsp; 18 &nbsp; &nbsp; 19 [&hellip;]<\/p>\n","protected":false},"author":2,"featured_media":0,"parent":0,"menu_order":0,"comment_status":"closed","ping_status":"open","template":"","meta":{"footnotes":""},"class_list":["post-196","page","type-page","status-publish","hentry"],"_links":{"self":[{"href":"https:\/\/tc-kleinschlageichberg.at\/index.php?rest_route=\/wp\/v2\/pages\/196","targetHints":{"allow":["GET"]}}],"collection":[{"href":"https:\/\/tc-kleinschlageichberg.at\/index.php?rest_route=\/wp\/v2\/pages"}],"about":[{"href":"https:\/\/tc-kleinschlageichberg.at\/index.php?rest_route=\/wp\/v2\/types\/page"}],"author":[{"embeddable":true,"href":"https:\/\/tc-kleinschlageichberg.at\/index.php?rest_route=\/wp\/v2\/users\/2"}],"replies":[{"embeddable":true,"href":"https:\/\/tc-kleinschlageichberg.at\/index.php?rest_route=%2Fwp%2Fv2%2Fcomments&post=196"}],"version-history":[{"count":53,"href":"https:\/\/tc-kleinschlageichberg.at\/index.php?rest_route=\/wp\/v2\/pages\/196\/revisions"}],"predecessor-version":[{"id":238,"href":"https:\/\/tc-kleinschlageichberg.at\/index.php?rest_route=\/wp\/v2\/pages\/196\/revisions\/238"}],"wp:attachment":[{"href":"https:\/\/tc-kleinschlageichberg.at\/index.php?rest_route=%2Fwp%2Fv2%2Fmedia&parent=196"}],"curies":[{"name":"wp","href":"https:\/\/api.w.org\/{rel}","templated":true}]}}